{"id":3716,"date":"2023-09-08T11:43:38","date_gmt":"2023-09-08T11:43:38","guid":{"rendered":"https:\/\/watchestimespace.com\/?page_id=3716"},"modified":"2023-09-09T17:18:10","modified_gmt":"2023-09-09T17:18:10","slug":"privacy-policy","status":"publish","type":"page","link":"https:\/\/watchestimespace.com\/pl\/privacy-policy\/","title":{"rendered":"Polityka prywatno\u015bci"},"content":{"rendered":"<div data-elementor-type=\"wp-page\" data-elementor-id=\"3716\" class=\"elementor elementor-3716\" data-elementor-post-type=\"page\">\n\t\t\t\t\t\t<section class=\"elementor-section elementor-top-section elementor-element elementor-element-510ee38 elementor-section-boxed elementor-section-height-default elementor-section-height-default sc_fly_static\" data-id=\"510ee38\" data-element_type=\"section\" data-e-type=\"section\">\n\t\t\t\t\t\t<div class=\"elementor-container elementor-column-gap-extended\">\n\t\t\t\t\t<div class=\"elementor-column elementor-col-100 elementor-top-column elementor-element elementor-element-1555c22 sc_inner_width_none sc_content_align_inherit sc_layouts_column_icons_position_left sc_fly_static\" data-id=\"1555c22\" data-element_type=\"column\" data-e-type=\"column\">\n\t\t\t<div class=\"elementor-widget-wrap elementor-element-populated\">\n\t\t\t\t\t\t<div class=\"elementor-element elementor-element-4f434f7 sc_fly_static elementor-widget elementor-widget-heading\" data-id=\"4f434f7\" data-element_type=\"widget\" data-e-type=\"widget\" data-widget_type=\"heading.default\">\n\t\t\t\t<div class=\"elementor-widget-container\">\n\t\t\t\t\t<h2 class=\"elementor-heading-title elementor-size-default\">Timespace Watches &amp; Antiques online store privacy policy.<\/h2>\t\t\t\t<\/div>\n\t\t\t\t<\/div>\n\t\t\t\t\t<\/div>\n\t\t<\/div>\n\t\t\t\t\t<\/div>\n\t\t<\/section>\n\t\t\t\t<section class=\"elementor-section elementor-top-section elementor-element elementor-element-30d0368 elementor-section-boxed elementor-section-height-default elementor-section-height-default sc_fly_static\" data-id=\"30d0368\" data-element_type=\"section\" data-e-type=\"section\">\n\t\t\t\t\t\t<div class=\"elementor-container elementor-column-gap-extended\">\n\t\t\t\t\t<div class=\"elementor-column elementor-col-100 elementor-top-column elementor-element elementor-element-a1c2f71 sc_inner_width_none sc_content_align_inherit sc_layouts_column_icons_position_left sc_fly_static\" data-id=\"a1c2f71\" data-element_type=\"column\" data-e-type=\"column\">\n\t\t\t<div class=\"elementor-widget-wrap elementor-element-populated\">\n\t\t\t\t\t\t<div class=\"elementor-element elementor-element-58cb5b3 sc_fly_static elementor-widget elementor-widget-text-editor\" data-id=\"58cb5b3\" data-element_type=\"widget\" data-e-type=\"widget\" data-widget_type=\"text-editor.default\">\n\t\t\t\t<div class=\"elementor-widget-container\">\n\t\t\t\t\t\t\t\t\t<ol>\n \t<li>Firma Mateusz Lickindorf Zegarki i Antyki, wpisana do Centralnej Ewidencji i Informacji o Dzia\u0142alno\u015bci Gospodarczej (CEIDG) prowadzonej przez ministra w\u0142a\u015bciwego ds. gospodarki, NIP: 8982295678, REGON: 525901449, w\u0142a\u015bciciel serwisu internetowego www.watchestimespace.com, zobowi\u0105zuje si\u0119 do nale\u017cytej ochrony danych dotycz\u0105cych odwiedzaj\u0105cych serwis.<\/li><br>\n \t<li>Podanie danych osobowych jest dobrowolne, przy czym brak podania danych mo\u017ce utrudnia\u0107 b\u0105d\u017a uniemo\u017cliwia\u0107 prawid\u0142owe wykonanie us\u0142ugi b\u0105d\u017a zrealizowanie sprzeda\u017cy.<\/li><br>\n \t<li>Dane dotycz\u0105ce u\u017cytkownik\u00f3w serwisu nie b\u0119d\u0105 przekazywane ani sprzedawane innym firmom i osobom trzecim.<\/li><br>\n \t<li>Dane przekazywane przez u\u017cytkownik\u00f3w serwisu b\u0119d\u0105 wykorzystane jedynie w celu komunikacji, \u015bwiadczenia us\u0142ugi sprzeda\u017cy i posprzeda\u017cowej i tylko w tym i ograniczonym zakresie b\u0119d\u0105 udost\u0119pnione innym podmiotom tj., podmiotom, kt\u00f3re zapewniaj\u0105 us\u0142ugi p\u0142atnicze, przewozowe, wspieraj\u0105 promocj\u0119 ofert, wsp\u00f3\u0142pracuj\u0105 w ramach kampanii marketingowych oraz wspieraj\u0105cym nas w \u015bwiadczeniu us\u0142ug drog\u0105 elektroniczn\u0105.<\/li><br>\n \t<li>Administrator zapewnia osobom, kt\u00f3rych dane osobowe przetwarza, realizacj\u0119 uprawnie\u0144 wynikaj\u0105cych z przepis\u00f3w prawa, w tym prawa dost\u0119pu do tre\u015bci w\u0142asnych danych osobowych, ich sprostowania, zmiany, usuni\u0119cia lub przenoszenia, a ponadto prawo do \u017c\u0105dania ograniczenia przetwarzania danych osobowych oraz do wniesienia sprzeciwu wobec takiego przetwarzania na zasadach okre\u015blonych w\u0142a\u015bciwymi przepisami.<\/li><br>\n \t<li>W przypadku dobrowolnego udzielania zgody na przetwarzanie danych ka\u017cda osoba, kt\u00f3rej dane s\u0105 przetwarzane ma prawo do cofni\u0119cia zgodny na przetwarzanie dane.<\/li><br>\n \t<li>Ka\u017cdej osobie, kt\u00f3rej dane s\u0105 przetwarzane przys\u0142uguje prawo do wniesienia skargi do Prezesa Urz\u0119du Ochrony Danych Osobowych.<\/li><br>\n \t<li>Dane osobowe s\u0105 przechowywane przez okres niezb\u0119dny dla realizacji zam\u00f3wie\u0144 lub prowadzenia konta Klienta. Po tym okresie, dane mog\u0105 by\u0107 przetwarzane w oparciu o obowi\u0105zki prawne administratora (np. w zakresie przechowywania dokument\u00f3w ksi\u0119gowych).<\/li><br>\n \t<li>Niezale\u017cnie od danych osobowych podanych podczas realizacji \u015bwiadczenia us\u0142ugi sprzeda\u017cy, Administrator wykorzystuje pliki Cookies.<\/li><br>\n \t<li>Stosowane przez Administratora Cookies s\u0105 bezpieczne dla U\u017cytkownika eSklepu Timespace Watches &amp; Antiques. T\u0105 drog\u0105 nie jest mo\u017cliwe przedostanie si\u0119 do jego urz\u0105dzenia wirus\u00f3w, innego niechcianego oprogramowania lub oprogramowania z\u0142o\u015bliwego. Pliki Cookies pozwalaj\u0105 zidentyfikowa\u0107 oprogramowanie wykorzystywane przez U\u017cytkownika i dostosowa\u0107 serwis do indywidualnych preferencji i ustawie\u0144.<\/li><br>\n \t<li>Administrator mo\u017ce wykorzystywa\u0107 dwa typy plik\u00f3w Cookies:\n<ol>\n \t<li>Cookies sesyjne: s\u0105 przechowywane w urz\u0105dzeniu i pozostaj\u0105 tam do momentu zako\u0144czenia sesji danej przegl\u0105darki. Zapisane informacje s\u0105 w\u00f3wczas trwale usuwane z pami\u0119ci urz\u0105dzenia. Mechanizm Cookies sesyjnych nie pozwala na pobieranie jakichkolwiek danych osobowych ani \u017cadnych informacji poufnych z urz\u0105dzenia U\u017cytkownika;<\/li><br>\n \t<li>Cookies trwa\u0142e: s\u0105 przechowywane w urz\u0105dzeniu i pozostaj\u0105 tam do momentu ich skasowania. Zako\u0144czenie sesji danej przegl\u0105darki lub wy\u0142\u0105czenie urz\u0105dzenia nie powoduje ich usuni\u0119cia. Mechanizm Cookies trwa\u0142ych nie pozwala na pobieranie jakichkolwiek danych osobowych ani \u017cadnych informacji poufnych z urz\u0105dzenia U\u017cytkownika.<\/li><br>\n<\/ol>\n<\/li>\n \t<li>U\u017cytkownik ma mo\u017cliwo\u015b\u0107 ograniczenia lub wy\u0142\u0105czenia dost\u0119pu plik\u00f3w Cookies do swojego urz\u0105dzenia. W przypadku skorzystania z tej opcji korzystanie ze serwisu b\u0119dzie mo\u017cliwe, poza funkcjami, kt\u00f3re ze swojej natury wymagaj\u0105 plik\u00f3w Cookies.<\/li><br>\n \t<li>U\u017cytkownik mo\u017ce w ka\u017cdej chwili usun\u0105\u0107 pliki Cookies korzystaj\u0105c z dost\u0119pnych funkcji w przegl\u0105darce internetowej, kt\u00f3rej u\u017cywa. Ograniczenie stosowania plik\u00f3w Cookies, mo\u017ce wp\u0142yn\u0105\u0107 na niekt\u00f3re funkcjonalno\u015bci dost\u0119pne na stronie internetowej serwisu. Szczeg\u00f3\u0142owe informacje o mo\u017cliwo\u015bci i sposobach obs\u0142ugi plik\u00f3w Cookies dost\u0119pne s\u0105 w ustawieniach przegl\u0105darki internetowej.<\/li><br>\n \t<li>Administrator wykorzystuje Cookies w celu konfiguracji eSklepu, w\u0142asnych analiz i statystyk oraz gromadzi statystyki odwiedzin eSklepu Timespace Watches &amp; Antiques w oparciu o Google Analytics.<\/li><br>\n \t<li>Umieszczone w ramach eSklepu wtyczki spo\u0142eczno\u015bciowe posiadaj\u0105 odr\u0119bne polityki.<\/li><br>\n \t<li>Dla korzystania z eSklepu Timespace wymagany jest komputer\/inne urz\u0105dzenie z dost\u0119pem do Internetu, przegl\u0105darka internetowa oraz w przypadku cz\u0119\u015bci us\u0142ug czynna i prawid\u0142owo skonfigurowana poczta elektroniczna.<\/li>\n<\/ol>\t\t\t\t\t\t\t\t<\/div>\n\t\t\t\t<\/div>\n\t\t\t\t\t<\/div>\n\t\t<\/div>\n\t\t\t\t\t<\/div>\n\t\t<\/section>\n\t\t\t\t<\/div>","protected":false},"excerpt":{"rendered":"<p>Timespace Watches &#038; Antiques online store privacy policy. The company Mateusz Lickindorf Zegarki i Antyki, registered in the Central Register and Information on Economic Activity (CEIDG) maintained by the Minister responsible for the economy, NIP: 8982295678, REGON: 525901449, the owner of the website www.watchestimespace.com, undertakes to ensure adequate protection of data relating to visitors to&hellip;<\/p>","protected":false},"author":1,"featured_media":0,"parent":0,"menu_order":0,"comment_status":"closed","ping_status":"closed","template":"","meta":{"footnotes":""},"class_list":["post-3716","page","type-page","status-publish","hentry"],"_links":{"self":[{"href":"https:\/\/watchestimespace.com\/pl\/wp-json\/wp\/v2\/pages\/3716","targetHints":{"allow":["GET"]}}],"collection":[{"href":"https:\/\/watchestimespace.com\/pl\/wp-json\/wp\/v2\/pages"}],"about":[{"href":"https:\/\/watchestimespace.com\/pl\/wp-json\/wp\/v2\/types\/page"}],"author":[{"embeddable":true,"href":"https:\/\/watchestimespace.com\/pl\/wp-json\/wp\/v2\/users\/1"}],"replies":[{"embeddable":true,"href":"https:\/\/watchestimespace.com\/pl\/wp-json\/wp\/v2\/comments?post=3716"}],"version-history":[{"count":15,"href":"https:\/\/watchestimespace.com\/pl\/wp-json\/wp\/v2\/pages\/3716\/revisions"}],"predecessor-version":[{"id":3896,"href":"https:\/\/watchestimespace.com\/pl\/wp-json\/wp\/v2\/pages\/3716\/revisions\/3896"}],"wp:attachment":[{"href":"https:\/\/watchestimespace.com\/pl\/wp-json\/wp\/v2\/media?parent=3716"}],"curies":[{"name":"wp","href":"https:\/\/api.w.org\/{rel}","templated":true}]}}