{"id":3924,"date":"2023-09-14T14:54:23","date_gmt":"2023-09-14T14:54:23","guid":{"rendered":"https:\/\/watchestimespace.com\/?post_type=product&#038;p=3924"},"modified":"2023-09-29T13:25:49","modified_gmt":"2023-09-29T13:25:49","slug":"sarcar-geneve","status":"publish","type":"product","link":"https:\/\/watchestimespace.com\/pl\/product\/sarcar-geneve\/","title":{"rendered":"Zegarek Vintage Sarcar Geneve"},"content":{"rendered":"<h5><strong>Dziedzictwo historyczne:<\/strong><\/h5>\n<p>Sarcar Gen\u00e8ve jest synonimem doskona\u0142o\u015bci zegarmistrzowskiej od momentu powstania w po\u0142owie XX wieku. Za\u0142o\u017cona w sercu Genewy w Szwajcarii firma szybko zyska\u0142a reputacj\u0119 producenta precyzyjnych czasomierzy, kt\u00f3re uosabia\u0142y wyrafinowanie i luksus. Niestety, firma ta jako jedna z wielu pad\u0142a ofiar\u0105 kryzysu kwarcowego  p\u00f3\u017anych lat 70. i wczesnych lat 80. , co oznacza, \u017ce w najbli\u017cszym czasie nie znajdziesz podobnego na czyim\u015b nadgarstku.<\/p>\n<h5><strong>Ponadczasowe wzornictwo:<\/strong><\/h5>\n<p>Ten Sarcar, zamkni\u0119ty zosta\u0142 w polerowanej, poz\u0142acanej kopercie; jego minimalistyczna tarcza nie posiada indeks\u00f3w, wi\u0119c pomiar up\u0142ywu czasu opiera si\u0119 wy\u0142\u0105cznie na pi\u0119knie wykonanych z\u0142otych wskaz\u00f3wkach, kt\u00f3re z wdzi\u0119kiem przesuwaj\u0105 si\u0119 po poz\u0142acanej tarczy.<\/p>\n<h5><strong>Szkie\u0142ko:<\/strong><\/h5>\n<p>Zegarek posiada charakterystyczne kopu\u0142kowe hesalitowy szkie\u0142ko, uk\u0142on w stron\u0119 przesz\u0142o\u015bci, kiedy takie materia\u0142y by\u0142y standardowym wyborem zegarmistrz\u00f3w. Jego zalet\u0105 jest \u0142atwo\u015b\u0107 polerowania i urok zarezerwowany dla zegark\u00f3w vintage. Tu i \u00f3wdzie mo\u017cna zauwa\u017cy\u0107 drobne ryski, ale nie zaburzaj\u0105 one widoku misternie dopracowanej tarczy.<\/p>\n<h5><strong>Pami\u0105tka w trakcie tworzenia:<\/strong><\/h5>\n<p>Ten zegarek to pami\u0105tka w procesie tworzenia. Jego klasyczny,  ponadczasowy wygl\u0105d sprawi\u0105, \u017ce b\u0119dzie on ceniony przez kolejne pokolenia i stanowi ciekawy dodatek do ka\u017cdej kolekcji. Niezale\u017cnie od tego, czy bierzesz udzia\u0142 w uroczystej gali, czy sp\u0119dzasz spokojny wiecz\u00f3r przy kominku, ten zegarek b\u0119dzie adekwatnym wyborem i wiernym towarzyszem na d\u0142ugie lata.<\/p>\n<p>&nbsp;<\/p>","protected":false},"excerpt":{"rendered":"<p>Cofnij si\u0119 w czasie i poczuj elegancj\u0119 minionej epoki dzi\u0119ki temu zegarkowi vintage wyprodukowanego przez Sarcar Gen\u00e8ve. Ten wyj\u0105tkowy czasomierz przemyca esencj\u0119 szwajcarskiego zegarmistrzostwa za pomoc\u0105 wyrafinowanego i ponadczasowego wzornictwa.<\/p>","protected":false},"featured_media":3927,"template":"","meta":[],"product_brand":[],"product_cat":[37],"product_tag":[],"class_list":{"0":"post-3924","1":"product","2":"type-product","3":"status-publish","4":"has-post-thumbnail","6":"product_cat-vintage-watches","7":"product_shipping_class-europe","9":"first","10":"outofstock","11":"sold-individually","12":"taxable","13":"shipping-taxable","14":"purchasable","15":"product-type-simple"},"_links":{"self":[{"href":"https:\/\/watchestimespace.com\/pl\/wp-json\/wp\/v2\/product\/3924","targetHints":{"allow":["GET"]}}],"collection":[{"href":"https:\/\/watchestimespace.com\/pl\/wp-json\/wp\/v2\/product"}],"about":[{"href":"https:\/\/watchestimespace.com\/pl\/wp-json\/wp\/v2\/types\/product"}],"version-history":[{"count":4,"href":"https:\/\/watchestimespace.com\/pl\/wp-json\/wp\/v2\/product\/3924\/revisions"}],"predecessor-version":[{"id":3937,"href":"https:\/\/watchestimespace.com\/pl\/wp-json\/wp\/v2\/product\/3924\/revisions\/3937"}],"wp:featuredmedia":[{"embeddable":true,"href":"https:\/\/watchestimespace.com\/pl\/wp-json\/wp\/v2\/media\/3927"}],"wp:attachment":[{"href":"https:\/\/watchestimespace.com\/pl\/wp-json\/wp\/v2\/media?parent=3924"}],"wp:term":[{"taxonomy":"product_brand","embeddable":true,"href":"https:\/\/watchestimespace.com\/pl\/wp-json\/wp\/v2\/product_brand?post=3924"},{"taxonomy":"product_cat","embeddable":true,"href":"https:\/\/watchestimespace.com\/pl\/wp-json\/wp\/v2\/product_cat?post=3924"},{"taxonomy":"product_tag","embeddable":true,"href":"https:\/\/watchestimespace.com\/pl\/wp-json\/wp\/v2\/product_tag?post=3924"}],"curies":[{"name":"wp","href":"https:\/\/api.w.org\/{rel}","templated":true}]}}