{"id":3971,"date":"2023-09-15T01:22:27","date_gmt":"2023-09-15T01:22:27","guid":{"rendered":"https:\/\/watchestimespace.com\/?post_type=product&#038;p=3971"},"modified":"2023-09-19T22:24:14","modified_gmt":"2023-09-19T22:24:14","slug":"3971","status":"publish","type":"product","link":"https:\/\/watchestimespace.com\/pl\/product\/3971\/","title":{"rendered":"Zegarek Retro Casio FS-08 Pela Film Watch"},"content":{"rendered":"<h5><strong>Nostalgiczna podr\u00f3\u017c:<\/strong><\/h5>\n<p>Zegarek Casio FS-08 Pela Film Watch pochodzi z czas\u00f3w, gdy liczy\u0142y si\u0119 niebanalno\u015b\u0107 i luz. To kapsu\u0142a czasu z przesz\u0142o\u015bci, oferuj\u0105ca wgl\u0105d w czasy, kt\u00f3re nasycone by\u0142y dyskotekami, kiczem i dobr\u0105 zabaw\u0105.<\/p>\n<h5><strong>Design w stylu retro:<\/strong><\/h5>\n<p>Zegarek Casio FS-08 Pela Film Watch z dum\u0105 prezentuje estetyk\u0119 retro z \u017cywym niebieskim paskiem i wy\u015bwietlaczem ana-digi (analogowo-cyfrowym). Niebieski pasek emanuje poczuciem \u015bwie\u017co\u015bci, doskonale uzupe\u0142niaj\u0105c odwa\u017cn\u0105 osobowo\u015b\u0107 zegarka. Wy\u015bwietlacz ana-digi \u0142\u0105czy w sobie to, co najlepsze z obu \u015bwiat\u00f3w, zapewniaj\u0105c klasyczny analogowy urok z wygod\u0105 cyfrowej dok\u0142adno\u015bci.<\/p>\n<h5><strong>Ultracienki:<\/strong><\/h5>\n<p>Jedn\u0105 z zadziwiaj\u0105cych cech tego zegarka jest jego niesamowita grubo\u015b\u0107 - zaledwie 4 mm. Zdolno\u015bci techniczne Casio przejawiaj\u0105 si\u0119 w tej niezwykle cienkiej konstrukcji, czyni\u0105c j\u0105 prawdziwym cudem tamtych czas\u00f3w.<\/p>\n<h5><strong>Stan:<\/strong><\/h5>\n<p>Co niewiarygodne, zegarek ten nadal dumnie prezentuje swoj\u0105 oryginaln\u0105 naklejk\u0119 z ty\u0142u, posiada r\u00f3wnie\u017c kilka drobnych zadrapa\u0144, widocznych na zdj\u0119ciach.<\/p>\n<h5><strong>Techniczna nostalgia:<\/strong><\/h5>\n<p>Zegarek wyposa\u017cony jest w akrylowe szkie\u0142ko przypominaj\u0105ce materia\u0142y stosowane w zabytkowych czasomierzach, dodaj\u0105c warstw\u0119 autentyczno\u015bci do jego retro uroku. Nap\u0119dzany jest precyzyjnym mechanizmem kwarcowym, jak na Casio przysta\u0142o.<\/p>\n<h5><strong>\u017bywa opowie\u015b\u0107 o czasie:<\/strong><\/h5>\n<p>Zegarek Casio FS-08 Pela Film Watch przenosi nas do innej epoki, dzi\u0119ki czerwonej wskaz\u00f3wce godzinowej i \u017c\u00f3\u0142tej wskaz\u00f3wce minutowej. Te \u017cywe kolory nie tylko dodaj\u0105 zegarkowi nieco luzu, ale tak\u017ce u\u0142atwiaj\u0105 odczytywanie czasu, nawet na s\u0142abo o\u015bwietlonych dyskotekach z przesz\u0142o\u015bci. W zegarku dost\u0119pne jest te\u017c pod\u015bwietlenie, kt\u00f3re u\u0142atwi odczyt godziny). No\u015b ten zegarek jako symbol swojego uznania dla wszystkiego, co retro i funky.<\/p>","protected":false},"excerpt":{"rendered":"<h5><strong>Przedstawiamy nietypowy zegarek retro Casio FS-08 Pela Film Watch: Powiew dyskotekowej przesz\u0142o\u015bci<\/strong><\/h5>\n<p>Przygotuj si\u0119 na powr\u00f3t do przesz\u0142o\u015bci z zegarkiem Casio FS-08 Pela Film Watch. Ten czasomierz jest wspania\u0142\u0105 retrospekcj\u0105 do epoki odwa\u017cnego designu i niepowtarzalnego stylu, i jest po to by przeprowadzi\u0107 barwn\u0105 rewolucj\u0119 na Twoim nadgarstku.<\/p>\n<p>&nbsp;<\/p>","protected":false},"featured_media":3972,"template":"","meta":[],"product_brand":[],"product_cat":[21],"product_tag":[],"class_list":{"0":"post-3971","1":"product","2":"type-product","3":"status-publish","4":"has-post-thumbnail","6":"product_cat-modern-neo-watches","7":"product_shipping_class-europe","9":"first","10":"outofstock","11":"sold-individually","12":"taxable","13":"shipping-taxable","14":"product-type-simple"},"_links":{"self":[{"href":"https:\/\/watchestimespace.com\/pl\/wp-json\/wp\/v2\/product\/3971","targetHints":{"allow":["GET"]}}],"collection":[{"href":"https:\/\/watchestimespace.com\/pl\/wp-json\/wp\/v2\/product"}],"about":[{"href":"https:\/\/watchestimespace.com\/pl\/wp-json\/wp\/v2\/types\/product"}],"version-history":[{"count":2,"href":"https:\/\/watchestimespace.com\/pl\/wp-json\/wp\/v2\/product\/3971\/revisions"}],"predecessor-version":[{"id":3981,"href":"https:\/\/watchestimespace.com\/pl\/wp-json\/wp\/v2\/product\/3971\/revisions\/3981"}],"wp:featuredmedia":[{"embeddable":true,"href":"https:\/\/watchestimespace.com\/pl\/wp-json\/wp\/v2\/media\/3972"}],"wp:attachment":[{"href":"https:\/\/watchestimespace.com\/pl\/wp-json\/wp\/v2\/media?parent=3971"}],"wp:term":[{"taxonomy":"product_brand","embeddable":true,"href":"https:\/\/watchestimespace.com\/pl\/wp-json\/wp\/v2\/product_brand?post=3971"},{"taxonomy":"product_cat","embeddable":true,"href":"https:\/\/watchestimespace.com\/pl\/wp-json\/wp\/v2\/product_cat?post=3971"},{"taxonomy":"product_tag","embeddable":true,"href":"https:\/\/watchestimespace.com\/pl\/wp-json\/wp\/v2\/product_tag?post=3971"}],"curies":[{"name":"wp","href":"https:\/\/api.w.org\/{rel}","templated":true}]}}