{"id":3985,"date":"2023-09-15T23:04:43","date_gmt":"2023-09-15T23:04:43","guid":{"rendered":"https:\/\/watchestimespace.com\/?post_type=product&#038;p=3985"},"modified":"2023-10-15T20:56:37","modified_gmt":"2023-10-15T20:56:37","slug":"seiko-5-series-sports-watch-srpd51","status":"publish","type":"product","link":"https:\/\/watchestimespace.com\/pl\/product\/seiko-5-series-sports-watch-srpd51\/","title":{"rendered":"Zegarek Seiko 5 Sports SRPD51"},"content":{"rendered":"<h5><strong>Dziedzictwo w nowej ods\u0142onie:<\/strong><\/h5>\n<p>Zegarek sportowy Seiko 5 Series SRPD51 oddaje ho\u0142d swojemu znakomitemu poprzednikowi, Seiko SKX. Znany ze swojej legendarnej wytrzyma\u0142o\u015bci i kultowego designu, SKX od dziesi\u0119cioleci zajmuje szczeg\u00f3lne miejsce w sercach mi\u0142o\u015bnik\u00f3w zegark\u00f3w. Wraz z modelami z linii 5 Sports, w tym przedstawionym SRPD51, Seiko na nowo interpretuje ten kultowy zegarek,  aktualizuj\u0105c go do wsp\u00f3\u0142czesnych reali\u00f3w, zachowuj\u0105c jednocze\u015bnie esencj\u0119, kt\u00f3ra sprawi\u0142a, \u017ce SKX jest tak uwielbiany przez pasjonat\u00f3w.<\/p>\n<h5><strong>Nowoczesne wzornictwo, ponadczasowy urok:<\/strong><\/h5>\n<p>Dzi\u0119ki swojej wsp\u00f3\u0142czesnej stylistyce, model SRPD51 wyr\u00f3\u017cnia si\u0119 wyra\u017anie nowoczesnym urokiem. Pe\u0142nowymiarowa bransoleta ze stali nierdzewnej nie tylko zapewnia elegancki i trwa\u0142y wygl\u0105d, ale tak\u017ce zapewnia d\u0142ugotrwa\u0142y komfort na nadgarstku, niezale\u017cnie od jego rozmiaru. Ruchomy bezel w stylu zegark\u00f3w dla nurk\u00f3w dodaje odrobin\u0119 sportowego charakteru, pokazuj\u0105c wszechstronno\u015b\u0107 zegarka zar\u00f3wno podczas podwodnych przyg\u00f3d, jak na potrzeby codziennego u\u017cytkowania.<\/p>\n<h5><strong>Stan jak z salonu:<\/strong><\/h5>\n<p>Ten sportowy zegarek Seiko z serii 5 SRPD51 jest w nieskazitelnym stanie, poniewa\u017c s\u0142u\u017cy\u0142 jako egzemplarz wystawowy - jest to pow\u00f3d, dla kt\u00f3rego mo\u017cemy zaoferowa\u0107 cen\u0119 niespotykan\u0105 nigdzie indziej. Zegarek nadal dumnie nosi oryginalne metki i nie nosi prawie \u017cadnych \u015blad\u00f3w u\u017cytkowania.<\/p>","protected":false},"excerpt":{"rendered":"<h5><strong>Przedstawiamy zegarek Seiko z serii 5, model SRPD51: nowoczesny klasyk z dziedzictwem, kt\u00f3remu ci\u0119\u017cko jest sprosta\u0107.<\/strong><\/h5>\n<p>Do\u015bwiadcz harmonijnego po\u0142\u0105czenia tradycji i innowacji dzi\u0119ki sportowemu zegarkowi Seiko z serii 5 SRPD51. Ten niezwyk\u0142y czasomierz jest \u015bwiadectwem zaanga\u017cowania Seiko w doskona\u0142o\u015b\u0107 zegarmistrzowsk\u0105, p\u0142ynnie \u0142\u0105cz\u0105c bogat\u0105 histori\u0119 z nowoczesnym designem, kt\u00f3ry zachwyca (i niekiedy polaryzuje) entuzjast\u00f3w zegark\u00f3w na ca\u0142ym \u015bwiecie.<\/p>","protected":false},"featured_media":3989,"template":"","meta":[],"product_brand":[],"product_cat":[21],"product_tag":[],"class_list":{"0":"post-3985","1":"product","2":"type-product","3":"status-publish","4":"has-post-thumbnail","6":"product_cat-modern-neo-watches","7":"product_shipping_class-europe","9":"first","10":"outofstock","11":"sold-individually","12":"taxable","13":"shipping-taxable","14":"product-type-simple"},"_links":{"self":[{"href":"https:\/\/watchestimespace.com\/pl\/wp-json\/wp\/v2\/product\/3985","targetHints":{"allow":["GET"]}}],"collection":[{"href":"https:\/\/watchestimespace.com\/pl\/wp-json\/wp\/v2\/product"}],"about":[{"href":"https:\/\/watchestimespace.com\/pl\/wp-json\/wp\/v2\/types\/product"}],"version-history":[{"count":2,"href":"https:\/\/watchestimespace.com\/pl\/wp-json\/wp\/v2\/product\/3985\/revisions"}],"predecessor-version":[{"id":4009,"href":"https:\/\/watchestimespace.com\/pl\/wp-json\/wp\/v2\/product\/3985\/revisions\/4009"}],"wp:featuredmedia":[{"embeddable":true,"href":"https:\/\/watchestimespace.com\/pl\/wp-json\/wp\/v2\/media\/3989"}],"wp:attachment":[{"href":"https:\/\/watchestimespace.com\/pl\/wp-json\/wp\/v2\/media?parent=3985"}],"wp:term":[{"taxonomy":"product_brand","embeddable":true,"href":"https:\/\/watchestimespace.com\/pl\/wp-json\/wp\/v2\/product_brand?post=3985"},{"taxonomy":"product_cat","embeddable":true,"href":"https:\/\/watchestimespace.com\/pl\/wp-json\/wp\/v2\/product_cat?post=3985"},{"taxonomy":"product_tag","embeddable":true,"href":"https:\/\/watchestimespace.com\/pl\/wp-json\/wp\/v2\/product_tag?post=3985"}],"curies":[{"name":"wp","href":"https:\/\/api.w.org\/{rel}","templated":true}]}}