{"id":3997,"date":"2023-09-16T00:35:46","date_gmt":"2023-09-16T00:35:46","guid":{"rendered":"https:\/\/watchestimespace.com\/?post_type=product&#038;p=3997"},"modified":"2023-09-19T18:35:17","modified_gmt":"2023-09-19T18:35:17","slug":"orient-star-world-time-fa00-ca-watch","status":"publish","type":"product","link":"https:\/\/watchestimespace.com\/pl\/product\/orient-star-world-time-fa00-ca-watch\/","title":{"rendered":"Zegarek Orient Star World Time FA00-CA"},"content":{"rendered":"<h5><strong>A Legacy of Precision:<\/strong><\/h5>\n<p>Orient has a rich history of precision watchmaking, and the Orient Star World Time FA00-CA exemplifies their dedication to excellence, Orient Star being the luxury line of the well known Orient brand. With a blend of traditional craftsmanship and cutting-edge technology, this watch is designed to stand the test of time.<\/p>\n<div class=\"flex-1 overflow-hidden\">\n<div class=\"react-scroll-to-bottom--css-pmmlp-79elbk h-full dark:bg-gray-800\">\n<div class=\"react-scroll-to-bottom--css-pmmlp-1n7m0yu\">\n<div class=\"flex flex-col text-sm dark:bg-gray-800\">\n<div class=\"group w-full text-token-text-primary border-b border-black\/10 dark:border-gray-900\/50 bg-gray-50 dark:bg-[#444654]\" data-testid=\"conversation-turn-25\">\n<div class=\"p-4 justify-center text-base md:gap-6 md:py-6 m-auto\">\n<div class=\"flex flex-1 gap-4 text-base mx-auto md:gap-6 md:max-w-2xl lg:max-w-[38rem] xl:max-w-3xl }\">\n<div class=\"relative flex w-[calc(100%-50px)] flex-col gap-1 md:gap-3 lg:w-[calc(100%-115px)]\">\n<div class=\"flex flex-grow flex-col gap-3 max-w-full\">\n<div class=\"min-h-[20px] flex flex-col items-start gap-3 overflow-x-auto whitespace-pre-wrap break-words\">\n<div class=\"markdown prose w-full break-words dark:prose-invert light\">\n<h5><strong>World Time Complication &#8211; Time Zones at Your Fingertips:<\/strong><\/h5>\n<p>The standout feature of this watch is its world time complication, allowing you to track time in multiple time zones with ease. Whether you&#8217;re a frequent traveler or collaborating around the globe, this watch empowers you to stay in sync, effortlessly.<\/p>\n<h5><strong>Made in Japan &#8211; A Mark of Excellence:<\/strong><\/h5>\n<p>Proudly displaying &#8220;Japan&#8221; on the dial, this watch showcases impeccable craftsmanship and meticulous attention to detail.<\/p>\n<h5><strong>Collectors&#8217; timepiece:<\/strong><\/h5>\n<p>The Orient Star World Time FA00-CA was produced in limited quantities, meaning is not something you see everyday. This watch is very rare, wearing it shows you know a thing of two about watches.<\/p>\n<\/div>\n<\/div>\n<\/div>\n<div class=\"flex justify-between lg:block\">\n<div class=\"text-gray-400 flex self-end lg:self-center justify-center mt-2 gap-2 md:gap-3 lg:gap-1 lg:absolute lg:top-0 lg:translate-x-full lg:right-0 lg:mt-0 lg:pl-2 visible\">\n<p>&nbsp;<\/p>\n<div class=\"flex gap-1\"><\/div>\n<\/div>\n<\/div>\n<\/div>\n<\/div>\n<\/div>\n<\/div>\n<div class=\"h-32 md:h-48 flex-shrink-0\"><\/div>\n<p>&nbsp;<\/p>\n<\/div>\n<\/div>\n<\/div>\n<\/div>\n<div class=\"absolute bottom-0 left-0 w-full border-t md:border-t-0 dark:border-white\/20 md:border-transparent md:dark:border-transparent md:bg-vert-light-gradient bg-white dark:bg-gray-800 md:!bg-transparent dark:md:bg-vert-dark-gradient pt-2 md:pl-2 md:w-[calc(100%-.5rem)]\">\n<form class=\"stretch mx-2 flex flex-row gap-3 last:mb-2 md:mx-4 md:last:mb-6 lg:mx-auto lg:max-w-2xl xl:max-w-3xl\">\n<div class=\"relative flex h-full flex-1 items-stretch md:flex-col\">\n<div>\n<div class=\"h-full flex ml-1 md:w-full md:m-auto md:mb-4 gap-0 md:gap-2 justify-center\"><\/div>\n<\/div>\n<\/div>\n<\/form>\n<\/div>\n","protected":false},"excerpt":{"rendered":"<h5><strong>Przedstawiamy zegarek Orient Star World Time FA00-CA: Aktualny czas, niezale\u017cnie od tego gdzie znajdziesz si\u0119 na \u015bwiecie.<\/strong><\/h5>\n<p>Wyrusz w podr\u00f3\u017c dooko\u0142a \u015bwiata z zegarkiem Orient Star World Time FA00-CA. Ten niezwyk\u0142y czasomierz \u0142\u0105czy nowoczesny design z wyj\u0105tkow\u0105 komplikacj\u0105 czasu \u015bwiatowego, kt\u00f3ra umo\u017cliwia pokazanie na zegarku opr\u00f3cz czasu podstawowego, czas w innej, dowolnej strefie czasowej.<\/p>","protected":false},"featured_media":3998,"template":"","meta":[],"product_brand":[],"product_cat":[21],"product_tag":[],"class_list":{"0":"post-3997","1":"product","2":"type-product","3":"status-publish","4":"has-post-thumbnail","6":"product_cat-modern-neo-watches","7":"product_shipping_class-europe","9":"first","10":"instock","11":"sold-individually","12":"taxable","13":"shipping-taxable","14":"purchasable","15":"product-type-simple"},"_links":{"self":[{"href":"https:\/\/watchestimespace.com\/pl\/wp-json\/wp\/v2\/product\/3997","targetHints":{"allow":["GET"]}}],"collection":[{"href":"https:\/\/watchestimespace.com\/pl\/wp-json\/wp\/v2\/product"}],"about":[{"href":"https:\/\/watchestimespace.com\/pl\/wp-json\/wp\/v2\/types\/product"}],"version-history":[{"count":3,"href":"https:\/\/watchestimespace.com\/pl\/wp-json\/wp\/v2\/product\/3997\/revisions"}],"predecessor-version":[{"id":4008,"href":"https:\/\/watchestimespace.com\/pl\/wp-json\/wp\/v2\/product\/3997\/revisions\/4008"}],"wp:featuredmedia":[{"embeddable":true,"href":"https:\/\/watchestimespace.com\/pl\/wp-json\/wp\/v2\/media\/3998"}],"wp:attachment":[{"href":"https:\/\/watchestimespace.com\/pl\/wp-json\/wp\/v2\/media?parent=3997"}],"wp:term":[{"taxonomy":"product_brand","embeddable":true,"href":"https:\/\/watchestimespace.com\/pl\/wp-json\/wp\/v2\/product_brand?post=3997"},{"taxonomy":"product_cat","embeddable":true,"href":"https:\/\/watchestimespace.com\/pl\/wp-json\/wp\/v2\/product_cat?post=3997"},{"taxonomy":"product_tag","embeddable":true,"href":"https:\/\/watchestimespace.com\/pl\/wp-json\/wp\/v2\/product_tag?post=3997"}],"curies":[{"name":"wp","href":"https:\/\/api.w.org\/{rel}","templated":true}]}}